{"id":757,"date":"2021-07-06T15:31:17","date_gmt":"2021-07-06T13:31:17","guid":{"rendered":"https:\/\/www.grhockey.ch\/gkb-hockeyschule\/?page_id=757"},"modified":"2025-06-28T22:00:51","modified_gmt":"2025-06-28T20:00:51","slug":"hc-davos","status":"publish","type":"page","link":"https:\/\/www.grhockey.ch\/gkb-hockeyschule\/hc-davos\/","title":{"rendered":"HC Davos"},"content":{"rendered":"<div id=\"pl-757\"  class=\"panel-layout\" ><div id=\"pg-757-0\"  class=\"panel-grid panel-no-style\" ><div id=\"pgc-757-0-0\"  class=\"panel-grid-cell\" ><div id=\"panel-757-0-0-0\" class=\"so-panel widget widget_sow-image panel-first-child panel-last-child\" data-index=\"0\" ><div\n\t\t\t\n\t\t\tclass=\"so-widget-sow-image so-widget-sow-image-default-8b5b6f678277-757\"\n\t\t\t\n\t\t>\n<div class=\"sow-image-container\">\n\t\t<img \n\tsrc=\"https:\/\/www.grhockey.ch\/gkb-hockeyschule\/wp-content\/uploads\/2024\/12\/HCD_Logo_CMYK_pos_mitSchrift_NEU-300x300.png\" width=\"300\" height=\"300\" srcset=\"https:\/\/www.grhockey.ch\/gkb-hockeyschule\/wp-content\/uploads\/2024\/12\/HCD_Logo_CMYK_pos_mitSchrift_NEU-300x300.png 300w, https:\/\/www.grhockey.ch\/gkb-hockeyschule\/wp-content\/uploads\/2024\/12\/HCD_Logo_CMYK_pos_mitSchrift_NEU-1024x1024.png 1024w, https:\/\/www.grhockey.ch\/gkb-hockeyschule\/wp-content\/uploads\/2024\/12\/HCD_Logo_CMYK_pos_mitSchrift_NEU-150x150.png 150w, https:\/\/www.grhockey.ch\/gkb-hockeyschule\/wp-content\/uploads\/2024\/12\/HCD_Logo_CMYK_pos_mitSchrift_NEU-768x768.png 768w, https:\/\/www.grhockey.ch\/gkb-hockeyschule\/wp-content\/uploads\/2024\/12\/HCD_Logo_CMYK_pos_mitSchrift_NEU-128x128.png 128w, https:\/\/www.grhockey.ch\/gkb-hockeyschule\/wp-content\/uploads\/2024\/12\/HCD_Logo_CMYK_pos_mitSchrift_NEU-32x32.png 32w, https:\/\/www.grhockey.ch\/gkb-hockeyschule\/wp-content\/uploads\/2024\/12\/HCD_Logo_CMYK_pos_mitSchrift_NEU-240x240.png 240w, https:\/\/www.grhockey.ch\/gkb-hockeyschule\/wp-content\/uploads\/2024\/12\/HCD_Logo_CMYK_pos_mitSchrift_NEU-480x480.png 480w, https:\/\/www.grhockey.ch\/gkb-hockeyschule\/wp-content\/uploads\/2024\/12\/HCD_Logo_CMYK_pos_mitSchrift_NEU.png 1180w\" sizes=\"(max-width: 300px) 100vw, 300px\" alt=\"\" loading=\"lazy\" \t\tclass=\"so-widget-image\"\/>\n\t<\/div>\n\n<\/div><\/div><\/div><div id=\"pgc-757-0-1\"  class=\"panel-grid-cell\" ><div id=\"panel-757-0-1-0\" class=\"so-panel widget widget_sportix-img-slider panel-first-child panel-last-child\" data-index=\"1\" ><div\n\t\t\t\n\t\t\tclass=\"so-widget-sportix-img-slider so-widget-sportix-img-slider-base\"\n\t\t\t\n\t\t>\n<div class=\"sportix-post-slider-container sportix-bg-loader slider-no-padding\">\n    <div id=\"sportix-post-slider-466300930\" class=\"sportix-post-slider hide-on-load\">\n                <div>   \n             \n                        <img src=\"https:\/\/www.grhockey.ch\/gkb-hockeyschule\/wp-content\/uploads\/2024\/12\/20201210_110735000_iOS-scaled.jpg\" alt=\"\" \/>\n                    <\/div>    \n            <\/div>\n<\/div>\n\n<script type=\"text\/javascript\">\n(function ($) {\n\"use strict\";    \n$(document).ready(function () {\n    $('#sportix-post-slider-466300930').slick({\n                slidesToShow: 1,\n        adaptiveHeight: true,\n        slidesToScroll: 1,\n                arrows: true,\n        fade: true,\n        dots: false                      \n    });\n});   \n$(window).on('load', function () {\n    $('#sportix-post-slider-466300930').removeClass('hide-on-load');\n    $('#sportix-post-slider-466300930').parent().removeClass('sportix-bg-loader');\n});     \n})(jQuery);   \n<\/script>\n<\/div><\/div><\/div><\/div><div id=\"pg-757-1\"  class=\"panel-grid panel-no-style\" ><div id=\"pgc-757-1-0\"  class=\"panel-grid-cell\" ><div id=\"panel-757-1-0-0\" class=\"so-panel widget widget_sportix-editor panel-first-child panel-last-child\" data-index=\"2\" ><div\n\t\t\t\n\t\t\tclass=\"so-widget-sportix-editor so-widget-sportix-editor-base\"\n\t\t\t\n\t\t><div class=\"sportix-panel\">\n        <h3 class=\"sportix-widget-title\"><span>Angaben zum Training<\/span><\/h3>\n        <p>Start: 08. September 2025 - Mitte M\u00e4rz 2026<\/p>\n<p>Tag: Montag und Donnerstag<\/p>\n<p>Zeit: 16.45h - 17.30h<\/p>\n<p>Ort: Trainingscenter und Zondacryptro-Arena<\/p>\n<\/div><\/div><\/div><\/div><div id=\"pgc-757-1-1\"  class=\"panel-grid-cell\" ><div id=\"panel-757-1-1-0\" class=\"so-panel widget widget_sportix-editor panel-first-child panel-last-child\" data-index=\"3\" ><div\n\t\t\t\n\t\t\tclass=\"so-widget-sportix-editor so-widget-sportix-editor-base\"\n\t\t\t\n\t\t><div class=\"sportix-panel\">\n        <h3 class=\"sportix-widget-title\"><span>Kontakt<\/span><\/h3>\n        <p>Kontaktperson: Georg Depeder<\/p>\n<p>Telefon: 079 215 11 83<\/p>\n<p>E-Mail: <a href=\"mailto:gdepeder@bluewin.ch\">gdepeder@bluewin.ch<\/a><\/p>\n<p>Webseite: <a href=\"http:\/\/www.hcd-nachwuchs.ch\/\" target=\"_blank\" rel=\"nofollow noopener\">www.hcd-nachwuchs.ch<\/a><\/p>\n<\/div><\/div><\/div><\/div><\/div><div id=\"pg-757-2\"  class=\"panel-grid panel-no-style\" ><div id=\"pgc-757-2-0\"  class=\"panel-grid-cell\" ><div id=\"panel-757-2-0-0\" class=\"so-panel widget widget_sportix-editor panel-first-child panel-last-child\" data-index=\"4\" ><div\n\t\t\t\n\t\t\tclass=\"so-widget-sportix-editor so-widget-sportix-editor-base\"\n\t\t\t\n\t\t><div class=\"sportix-panel\">\n        <h3 class=\"sportix-widget-title\"><span>Anmeldung<\/span><\/h3>\n        \n<div class=\"wpcf7 no-js\" id=\"wpcf7-f1399-o1\" lang=\"de-CH\" dir=\"ltr\">\n<div class=\"screen-reader-response\"><p role=\"status\" aria-live=\"polite\" aria-atomic=\"true\"><\/p> <ul><\/ul><\/div>\n<form action=\"\/gkb-hockeyschule\/wp-json\/wp\/v2\/pages\/757#wpcf7-f1399-o1\" method=\"post\" class=\"wpcf7-form init\" aria-label=\"Contact form\" novalidate=\"novalidate\" data-status=\"init\">\n<div style=\"display: none;\">\n<input type=\"hidden\" name=\"_wpcf7\" value=\"1399\" \/>\n<input type=\"hidden\" name=\"_wpcf7_version\" value=\"5.7.7\" \/>\n<input type=\"hidden\" name=\"_wpcf7_locale\" value=\"de_CH\" \/>\n<input type=\"hidden\" name=\"_wpcf7_unit_tag\" value=\"wpcf7-f1399-o1\" \/>\n<input type=\"hidden\" name=\"_wpcf7_container_post\" value=\"0\" \/>\n<input type=\"hidden\" name=\"_wpcf7_posted_data_hash\" value=\"\" \/>\n<input type=\"hidden\" name=\"_wpcf7_recaptcha_response\" value=\"\" \/>\n<\/div>\n<p>Wir melden unser Kind f\u00fcr die GKB HOCKEYSCHULE an (bitte alle Felder ausf\u00fcllen):\n<\/p>\n<p><label> Name des Kindes<br \/>\n<span class=\"wpcf7-form-control-wrap\" data-name=\"your-name\"><input size=\"40\" class=\"wpcf7-form-control wpcf7-text wpcf7-validates-as-required\" aria-required=\"true\" aria-invalid=\"false\" value=\"\" type=\"text\" name=\"your-name\" \/><\/span> <\/label>\n<\/p>\n<p><label> Vorname des Kindes<br \/>\n<span class=\"wpcf7-form-control-wrap\" data-name=\"vorname\"><input size=\"40\" class=\"wpcf7-form-control wpcf7-text wpcf7-validates-as-required\" aria-required=\"true\" aria-invalid=\"false\" value=\"\" type=\"text\" name=\"vorname\" \/><\/span> <\/label>\n<\/p>\n<p><label> Vorname und Name der Mutter<br \/>\n<span class=\"wpcf7-form-control-wrap\" data-name=\"name-mutter\"><input size=\"40\" class=\"wpcf7-form-control wpcf7-text wpcf7-validates-as-required\" aria-required=\"true\" aria-invalid=\"false\" value=\"\" type=\"text\" name=\"name-mutter\" \/><\/span> <\/label>\n<\/p>\n<p><label> Vorname und Name des Vaters<br \/>\n<span class=\"wpcf7-form-control-wrap\" data-name=\"name-vater\"><input size=\"40\" class=\"wpcf7-form-control wpcf7-text wpcf7-validates-as-required\" aria-required=\"true\" aria-invalid=\"false\" value=\"\" type=\"text\" name=\"name-vater\" \/><\/span> <\/label>\n<\/p>\n<p><label> Adresse<br \/>\n<span class=\"wpcf7-form-control-wrap\" data-name=\"adresse\"><input size=\"40\" class=\"wpcf7-form-control wpcf7-text wpcf7-validates-as-required\" aria-required=\"true\" aria-invalid=\"false\" value=\"\" type=\"text\" name=\"adresse\" \/><\/span> <\/label>\n<\/p>\n<p><label> PLZ<br \/>\n<span class=\"wpcf7-form-control-wrap\" data-name=\"PLZ\"><input size=\"40\" class=\"wpcf7-form-control wpcf7-text wpcf7-validates-as-required\" aria-required=\"true\" aria-invalid=\"false\" value=\"\" type=\"text\" name=\"PLZ\" \/><\/span> <\/label>\n<\/p>\n<p><label> Ort<br \/>\n<span class=\"wpcf7-form-control-wrap\" data-name=\"Ort\"><input size=\"40\" class=\"wpcf7-form-control wpcf7-text wpcf7-validates-as-required\" aria-required=\"true\" aria-invalid=\"false\" value=\"\" type=\"text\" name=\"Ort\" \/><\/span> <\/label>\n<\/p>\n<p><label> Geburtsdatum des Kindes<br \/>\n<span class=\"wpcf7-form-control-wrap\" data-name=\"Geburtsdatum\"><input class=\"wpcf7-form-control wpcf7-date wpcf7-validates-as-required wpcf7-validates-as-date\" aria-required=\"true\" aria-invalid=\"false\" value=\"\" type=\"date\" name=\"Geburtsdatum\" \/><\/span> <\/label>\n<\/p>\n<p><label> AHV-Nummer des Kindes<br \/>\n<span class=\"wpcf7-form-control-wrap\" data-name=\"AHV-Nummer\"><input size=\"40\" class=\"wpcf7-form-control wpcf7-text wpcf7-validates-as-required\" aria-required=\"true\" aria-invalid=\"false\" value=\"\" type=\"text\" name=\"AHV-Nummer\" \/><\/span> <\/label>\n<\/p>\n<p><label> Nationalit\u00e4t des Kindes<br \/>\n<span class=\"wpcf7-form-control-wrap\" data-name=\"Nationalitaet\"><input size=\"40\" class=\"wpcf7-form-control wpcf7-text wpcf7-validates-as-required\" aria-required=\"true\" aria-invalid=\"false\" value=\"\" type=\"text\" name=\"Nationalitaet\" \/><\/span> <\/label>\n<\/p>\n<p><label> E-Mail der Eltern<br \/>\n<span class=\"wpcf7-form-control-wrap\" data-name=\"your-email\"><input size=\"40\" class=\"wpcf7-form-control wpcf7-text wpcf7-email wpcf7-validates-as-required wpcf7-validates-as-email\" aria-required=\"true\" aria-invalid=\"false\" value=\"\" type=\"email\" name=\"your-email\" \/><\/span> <\/label>\n<\/p>\n<p><label> Telefon der Eltern<br \/>\n<span class=\"wpcf7-form-control-wrap\" data-name=\"Telefon\"><input size=\"40\" class=\"wpcf7-form-control wpcf7-text wpcf7-tel wpcf7-validates-as-required wpcf7-validates-as-tel\" aria-required=\"true\" aria-invalid=\"false\" value=\"\" type=\"tel\" name=\"Telefon\" \/><\/span> <\/label>\n<\/p>\n<p><label> Club<br \/>\n<span class=\"wpcf7-form-control-wrap\" data-name=\"club\"><select class=\"wpcf7-form-control wpcf7-select wpcf7-validates-as-required\" aria-required=\"true\" aria-invalid=\"false\" name=\"club\"><option value=\"--- bitte Club ausw\u00e4hlen ---\">--- bitte Club ausw\u00e4hlen ---<\/option><option value=\"Club da Hockey Engiadina\">Club da Hockey Engiadina<\/option><option value=\"Club da Hockey Val M\u00fcstair\">Club da Hockey Val M\u00fcstair<\/option><option value=\"EHC Arosa\">EHC Arosa<\/option><option value=\"EHC Chur\">EHC Chur<\/option><option value=\"EHC Flims\">EHC Flims<\/option><option value=\"EHC Lenzerheide-Valbella\">EHC Lenzerheide-Valbella<\/option><option value=\"EHC Samedan\">EHC Samedan<\/option><option value=\"EHC Sils i. D.\">EHC Sils i. D.<\/option><option value=\"EHC St. Moritz\">EHC St. Moritz<\/option><option value=\"Ela Eagles Savognin\">Ela Eagles Savognin<\/option><option value=\"HC Albula\">HC Albula<\/option><option value=\"HC Davos\">HC Davos<\/option><option value=\"HC Poschiavo\">HC Poschiavo<\/option><option value=\"HC Pr\u00e4ttigau Herrschaft Gr\u00fcsch\">HC Pr\u00e4ttigau Herrschaft Gr\u00fcsch<\/option><option value=\"HC Pr\u00e4ttigau Herrschaft Klosters\">HC Pr\u00e4ttigau Herrschaft Klosters<\/option><option value=\"HC Zernez\">HC Zernez<\/option><option value=\"Hockey Bregaglia\">Hockey Bregaglia<\/option><option value=\"Uniun da scursalets Trun\">Uniun da scursalets Trun<\/option><\/select><\/span><\/label>\n<\/p>\n<p><span class=\"wpcf7-form-control-wrap\" data-name=\"autogrammkarten\"><span class=\"wpcf7-form-control wpcf7-checkbox\"><\/span><\/span>\n<\/p>\n<p><strong>Rechtlicher Hinweis<\/strong>\n<\/p>\n<p>Mit der Anmeldung meines Kindes bin ich als Inhaber des elterlichen Sorgerechts damit einverstanden, dass die Graub\u00fcndner Kantonalbank (GKB), GR Hockey sowie von diesen beauftragte Drittpersonen von meinem Kind bei dessen sportlichen Aktivit\u00e4ten im Rahmen der GKB HOCKEYSCHULE Film- und Fotoaufnahmen machen. Diese Aufnahmen d\u00fcrfen von der GKB und von GR Hockey unentgeltlich f\u00fcr eigene Kommunikations- und Werbezwecke in Online-Medien (eigene Webseite, E-Mail, Facebook, YouTube, Flickr) und in Print-Medien (Zeitschriften, Zeitungen) verwendet und ver\u00f6ffentlicht werden.\n<\/p>\n<p><span class=\"wpcf7-form-control-wrap\" data-name=\"Einverstanden\"><span class=\"wpcf7-form-control wpcf7-acceptance\"><span class=\"wpcf7-list-item\"><input type=\"checkbox\" name=\"Einverstanden\" value=\"1\" aria-invalid=\"false\" \/><\/span><\/span><\/span> Ja, wir sind damit einverstanden.\n<\/p>\n<p><input class=\"wpcf7-form-control has-spinner wpcf7-submit\" type=\"submit\" value=\"Anmelden\" \/>\n<\/p><div class=\"wpcf7-response-output\" aria-hidden=\"true\"><\/div>\n<\/form>\n<\/div>\n\n<\/div><\/div><\/div><\/div><\/div><\/div>","protected":false},"excerpt":{"rendered":"<p>Angaben zum Training Start: 08. September 2025 &#8211; Mitte M\u00e4rz 2026 Tag: Montag und Donnerstag Zeit: 16.45h &#8211; 17.30h Ort: Trainingscenter und Zondacryptro-Arena Kontakt Kontaktperson: Georg Depeder Telefon: 079 215 11 83 E-Mail: gdepeder@bluewin.ch Webseite: www.hcd-nachwuchs.ch Anmeldung Wir melden unser Kind f\u00fcr die GKB HOCKEYSCHULE an (bitte alle Felder ausf\u00fcllen): Name des Kindes Vorname des&#8230;<\/p>\n","protected":false},"author":1,"featured_media":0,"parent":0,"menu_order":0,"comment_status":"closed","ping_status":"closed","template":"","meta":{"_bbp_topic_count":0,"_bbp_reply_count":0,"_bbp_total_topic_count":0,"_bbp_total_reply_count":0,"_bbp_voice_count":0,"_bbp_anonymous_reply_count":0,"_bbp_topic_count_hidden":0,"_bbp_reply_count_hidden":0,"_bbp_forum_subforum_count":0},"aioseo_notices":[],"_links":{"self":[{"href":"https:\/\/www.grhockey.ch\/gkb-hockeyschule\/wp-json\/wp\/v2\/pages\/757"}],"collection":[{"href":"https:\/\/www.grhockey.ch\/gkb-hockeyschule\/wp-json\/wp\/v2\/pages"}],"about":[{"href":"https:\/\/www.grhockey.ch\/gkb-hockeyschule\/wp-json\/wp\/v2\/types\/page"}],"author":[{"embeddable":true,"href":"https:\/\/www.grhockey.ch\/gkb-hockeyschule\/wp-json\/wp\/v2\/users\/1"}],"replies":[{"embeddable":true,"href":"https:\/\/www.grhockey.ch\/gkb-hockeyschule\/wp-json\/wp\/v2\/comments?post=757"}],"version-history":[{"count":41,"href":"https:\/\/www.grhockey.ch\/gkb-hockeyschule\/wp-json\/wp\/v2\/pages\/757\/revisions"}],"predecessor-version":[{"id":1886,"href":"https:\/\/www.grhockey.ch\/gkb-hockeyschule\/wp-json\/wp\/v2\/pages\/757\/revisions\/1886"}],"wp:attachment":[{"href":"https:\/\/www.grhockey.ch\/gkb-hockeyschule\/wp-json\/wp\/v2\/media?parent=757"}],"curies":[{"name":"wp","href":"https:\/\/api.w.org\/{rel}","templated":true}]}}